{"id":7,"date":"2015-11-08T00:01:15","date_gmt":"2015-11-07T22:01:15","guid":{"rendered":"http:\/\/adanametal.aplusyazilim.com\/?page_id=7"},"modified":"2015-11-20T23:11:08","modified_gmt":"2015-11-20T21:11:08","slug":"hakkimizda","status":"publish","type":"page","link":"https:\/\/adanametal.com.tr\/?page_id=7","title":{"rendered":"Hakk\u0131m\u0131zda"},"content":{"rendered":"<p>Adana Metal End. Mlz. San. Tic. Ltd. \u015eti 1998 y\u0131l\u0131nda iki ortak olarak kurulmu\u015ftur. M\u00fc\u015fterilerimizin beklentilerini istikrarl\u0131 kalite anlay\u0131\u015f\u0131 ile kar\u015f\u0131layarak de\u011fer yaratmay\u0131 esas alan kurumsal yap\u0131m\u0131z m\u00fc\u015fteri odakl\u0131 \u00e7al\u0131\u015fma stratejimiz ve rekabet\u00e7i b\u00fcy\u00fcme potansiyelimiz ile &#8220;en iyi&#8221; \u015fekilde de\u011ferleri y\u00f6netmek. M\u00fchendislik ve y\u00f6netim bilimlerindeki en son teknolojik olanaklar\u0131 kullan\u0131larak daima y\u00fcksek kalite sa\u011flayan ADANA METAL standartlar\u0131 uluslararas\u0131 kabul g\u00f6rm\u00fc\u015f kalite standartlar\u0131na dayanmaktad\u0131r. M\u00fc\u015fteri memnuniyetini \u00f6n planda tutmak ve m\u00fckemmelle\u015fme anlay\u0131\u015f\u0131n\u0131 esas alarak, insana, do\u011faya, \u00e7evreye ve topluma sayg\u0131l\u0131 olarak s\u00fcrd\u00fcrmek, \u00fcst\u00fcn nitelikli yap\u0131 anlay\u0131\u015f\u0131n\u0131, kusursuz altyap\u0131 sistemleriyle birle\u015ftirme hedefini ta\u015f\u0131maktad\u0131r.<\/p>\n<p>G\u00fcn\u00fcm\u00fcz i\u00e7in ve gelecek ku\u015faklara kar\u015f\u0131 sosyal sorumlulu\u011fu yerine getirmeyi kurum k\u00fclt\u00fcr\u00fcn\u00fcn bir par\u00e7as\u0131 olarak konumland\u0131ran ADANA METAL, \u00e7al\u0131\u015fmalar\u0131n\u0131 planlarken, s\u00fcreklilik ilkesini \u00f6n planda tutmakta, sosyal sorumlulu\u011fun s\u00fcrd\u00fcr\u00fclebilir projelerden olu\u015fmas\u0131n\u0131n, T\u00fcrkiye ve d\u00fcnya i\u00e7in sa\u011flanacak fayda a\u00e7\u0131s\u0131ndan \u00f6nemli oldu\u011funa inanmaktad\u0131r. \u00c7al\u0131\u015fmalar\u0131nda bu ilkeyi temel almakta ve toplumsal projelerinde s\u00fcrd\u00fcr\u00fclebilir \u00e7evre konusuna odaklanmaktad\u0131r. D\u00fcnya S\u00fcrd\u00fcr\u00fclebilir Kalk\u0131nma \u0130\u015f Konseyi (WBCSD), s\u00fcrd\u00fcr\u00fclebilir kalk\u0131nmay\u0131 \u015f\u00f6yle tan\u0131ml\u0131yor: &#8220;\u0130\u015f d\u00fcnyas\u0131n\u0131n ve insan ya\u015fam\u0131n\u0131n gereksinimleri ile do\u011fal kaynaklar\u0131n s\u00fcrd\u00fcr\u00fclebilirli\u011fi aras\u0131nda denge kurularak; ekonomik, \u00e7evresel ve toplumsal boyutlar\u0131yla bug\u00fcnden gelece\u011fe uyumlu bir planlama yap\u0131lmas\u0131n\u0131 ama\u00e7layan b\u00fct\u00fcnsel bir yakla\u015f\u0131m&#8221;. Kar\u015f\u0131l\u0131kl\u0131 g\u00fcven ve sayg\u0131n\u0131n h\u00e2kim oldu\u011fu insan kaynaklar\u0131 ile en iyi niteliklere sahip insan g\u00fcc\u00fcn\u00fc istihdam etmeyi sa\u011flamak.<\/p>\n","protected":false},"excerpt":{"rendered":"<p>Adana Metal End. Mlz. San. Tic. Ltd. \u015eti 1998 y\u0131l\u0131nda iki ortak olarak kurulmu\u015ftur. M\u00fc\u015fterilerimizin beklentilerini istikrarl\u0131 kalite anlay\u0131\u015f\u0131 ile kar\u015f\u0131layarak de\u011fer yaratmay\u0131 esas alan kurumsal yap\u0131m\u0131z m\u00fc\u015fteri odakl\u0131 \u00e7al\u0131\u015fma stratejimiz ve rekabet\u00e7i b\u00fcy\u00fcme potansiyelimiz ile &#8220;en iyi&#8221; \u015fekilde de\u011ferleri y\u00f6netmek. M\u00fchendislik ve y\u00f6netim bilimlerindeki en son teknolojik olanaklar\u0131 kullan\u0131larak daima y\u00fcksek kalite sa\u011flayan ADANA [&hellip;]<\/p>\n","protected":false},"author":2,"featured_media":0,"parent":0,"menu_order":0,"comment_status":"closed","ping_status":"closed","template":"","meta":{"footnotes":""},"class_list":["post-7","page","type-page","status-publish","hentry"],"_links":{"self":[{"href":"https:\/\/adanametal.com.tr\/index.php?rest_route=\/wp\/v2\/pages\/7","targetHints":{"allow":["GET"]}}],"collection":[{"href":"https:\/\/adanametal.com.tr\/index.php?rest_route=\/wp\/v2\/pages"}],"about":[{"href":"https:\/\/adanametal.com.tr\/index.php?rest_route=\/wp\/v2\/types\/page"}],"author":[{"embeddable":true,"href":"https:\/\/adanametal.com.tr\/index.php?rest_route=\/wp\/v2\/users\/2"}],"replies":[{"embeddable":true,"href":"https:\/\/adanametal.com.tr\/index.php?rest_route=%2Fwp%2Fv2%2Fcomments&post=7"}],"version-history":[{"count":0,"href":"https:\/\/adanametal.com.tr\/index.php?rest_route=\/wp\/v2\/pages\/7\/revisions"}],"wp:attachment":[{"href":"https:\/\/adanametal.com.tr\/index.php?rest_route=%2Fwp%2Fv2%2Fmedia&parent=7"}],"curies":[{"name":"wp","href":"https:\/\/api.w.org\/{rel}","templated":true}]}}